{"id":40,"date":"2025-06-09T23:31:06","date_gmt":"2025-06-09T21:31:06","guid":{"rendered":"http:\/\/wp.h-a-schilling.de\/?page_id=40"},"modified":"2025-10-08T17:48:28","modified_gmt":"2025-10-08T15:48:28","slug":"home","status":"publish","type":"page","link":"http:\/\/wp.h-a-schilling.de\/","title":{"rendered":"Home"},"content":{"rendered":"\n<div class=\"wp-block-group has-global-padding is-layout-constrained wp-block-group-is-layout-constrained\">\n<div style=\"height:50px\" aria-hidden=\"true\" class=\"wp-block-spacer\"><\/div>\n\n\n\n<h1 class=\"wp-block-heading has-text-align-center\" style=\"font-size:clamp(1.79rem, 1.79rem + ((1vw - 0.2rem) * 2.382), 3.1rem);\">HEINRICH A. SCHILLING<\/h1>\n\n\n\n<h4 class=\"wp-block-heading has-text-align-center\">Drechslermeister und Diplomdesigner<\/h4>\n<\/div>\n\n\n\n<div style=\"height:var(--wp--preset--spacing--50)\" aria-hidden=\"true\" class=\"wp-block-spacer\"><\/div>\n\n\n\n<div class=\"wp-block-columns alignwide is-layout-flex wp-container-core-columns-is-layout-f0342b05 wp-block-columns-is-layout-flex\" style=\"margin-top:0;margin-bottom:0\">\n<div class=\"wp-block-column is-layout-flow wp-block-column-is-layout-flow\" style=\"flex-basis:50%\">\n<div class=\"wp-block-cover has-custom-content-position is-position-center-left has-aspect-ratio\" style=\"margin-top:0;margin-bottom:0;padding-top:var(--wp--preset--spacing--40);padding-right:var(--wp--preset--spacing--40);padding-bottom:var(--wp--preset--spacing--40);padding-left:var(--wp--preset--spacing--40);aspect-ratio:1;min-height:unset;\"><img loading=\"lazy\" decoding=\"async\" width=\"2560\" height=\"2560\" class=\"wp-block-cover__image-background wp-image-79 size-full\" alt=\"\" src=\"http:\/\/wp.h-a-schilling.de\/wp-content\/uploads\/2025\/06\/IMG_8640-edited-scaled.jpg\" data-object-fit=\"cover\" srcset=\"http:\/\/wp.h-a-schilling.de\/wp-content\/uploads\/2025\/06\/IMG_8640-edited-scaled.jpg 2560w, http:\/\/wp.h-a-schilling.de\/wp-content\/uploads\/2025\/06\/IMG_8640-edited-300x300.jpg 300w, http:\/\/wp.h-a-schilling.de\/wp-content\/uploads\/2025\/06\/IMG_8640-edited-1024x1024.jpg 1024w, http:\/\/wp.h-a-schilling.de\/wp-content\/uploads\/2025\/06\/IMG_8640-edited-150x150.jpg 150w, http:\/\/wp.h-a-schilling.de\/wp-content\/uploads\/2025\/06\/IMG_8640-edited-768x768.jpg 768w, http:\/\/wp.h-a-schilling.de\/wp-content\/uploads\/2025\/06\/IMG_8640-edited-1536x1536.jpg 1536w, http:\/\/wp.h-a-schilling.de\/wp-content\/uploads\/2025\/06\/IMG_8640-edited-2048x2048.jpg 2048w\" sizes=\"auto, (max-width: 2560px) 100vw, 2560px\" \/><span aria-hidden=\"true\" class=\"wp-block-cover__background has-contrast-background-color has-background-dim-60 has-background-dim\"><\/span><div class=\"wp-block-cover__inner-container is-layout-flow wp-container-core-cover-is-layout-2b121d54 wp-block-cover-is-layout-flow\">\n<div class=\"wp-block-group is-vertical is-layout-flex wp-container-core-group-is-layout-2d729e81 wp-block-group-is-layout-flex\">\n<h3 class=\"wp-block-heading\">Werkstatt<\/h3>\n\n\n\n<p>1977 nach Drechslerlehre, Studium und Meisterpr\u00fcfung \u00fcbernahm ich die 1910 gegr\u00fcndete Drechslerwerkstatt. Das Werkstattprofil wurde durch meine Begeisterung f\u00fcr die Technik des Drechselns und die M\u00f6glichkeit, Produkte mit einem hohen Anspruch an Form und Funktion zu entwickeln, <strong>zu fertigen und \u00fcber M\u00e4rkte und Ausstellungen zu vermarkten,<\/strong> bestimmt.<\/p>\n<\/div>\n<\/div><\/div>\n<\/div>\n\n\n\n<div class=\"wp-block-column is-layout-flow wp-block-column-is-layout-flow\" style=\"flex-basis:50%\">\n<div class=\"wp-block-cover has-custom-content-position is-position-center-left has-aspect-ratio\" style=\"margin-top:0;margin-bottom:0;padding-top:var(--wp--preset--spacing--40);padding-right:var(--wp--preset--spacing--40);padding-bottom:var(--wp--preset--spacing--40);padding-left:var(--wp--preset--spacing--40);aspect-ratio:1;min-height:unset;\"><img loading=\"lazy\" decoding=\"async\" width=\"1024\" height=\"683\" class=\"wp-block-cover__image-background wp-image-204 size-large\" alt=\"\" src=\"http:\/\/wp.h-a-schilling.de\/wp-content\/uploads\/2025\/06\/IMG_8654-1024x683.jpg\" data-object-fit=\"cover\" srcset=\"http:\/\/wp.h-a-schilling.de\/wp-content\/uploads\/2025\/06\/IMG_8654-1024x683.jpg 1024w, http:\/\/wp.h-a-schilling.de\/wp-content\/uploads\/2025\/06\/IMG_8654-300x200.jpg 300w, http:\/\/wp.h-a-schilling.de\/wp-content\/uploads\/2025\/06\/IMG_8654-768x512.jpg 768w, http:\/\/wp.h-a-schilling.de\/wp-content\/uploads\/2025\/06\/IMG_8654-1536x1024.jpg 1536w, http:\/\/wp.h-a-schilling.de\/wp-content\/uploads\/2025\/06\/IMG_8654-2048x1365.jpg 2048w\" sizes=\"auto, (max-width: 1024px) 100vw, 1024px\" \/><span aria-hidden=\"true\" class=\"wp-block-cover__background has-contrast-background-color has-background-dim-60 has-background-dim\"><\/span><div class=\"wp-block-cover__inner-container is-layout-flow wp-container-core-cover-is-layout-2914db2b wp-block-cover-is-layout-flow\">\n<div class=\"wp-block-group is-vertical is-layout-flex wp-container-core-group-is-layout-2d729e81 wp-block-group-is-layout-flex\">\n<h3 class=\"wp-block-heading\">Werkst\u00fcck<\/h3>\n\n\n\n<p>Schwerpunkte der Werkstatt liegt auf der Entwicklung und Fertigung von Design-orientiertem Gebrauchsgut, vorwiegend f\u00fcr Tisch und K\u00fcche, Lesen und Schreiben. Ein weiter Schwerpunkt sind Einzelst\u00fccke, meist Gef\u00e4\u00dfe mit ausgesprochenem Objektcharakter.<\/p>\n<\/div>\n<\/div><\/div>\n<\/div>\n<\/div>\n\n\n\n<div class=\"wp-block-columns alignwide is-layout-flex wp-container-core-columns-is-layout-28f84493 wp-block-columns-is-layout-flex\">\n<div class=\"wp-block-column is-layout-flow wp-block-column-is-layout-flow\" style=\"padding-top:0px;padding-bottom:0px;flex-basis:50%\">\n<div class=\"wp-block-cover has-custom-content-position is-position-center-left has-aspect-ratio\" style=\"margin-top:0;margin-bottom:0;padding-top:var(--wp--preset--spacing--40);padding-right:var(--wp--preset--spacing--40);padding-bottom:var(--wp--preset--spacing--40);padding-left:var(--wp--preset--spacing--40);aspect-ratio:1;min-height:unset;\"><img loading=\"lazy\" decoding=\"async\" width=\"1024\" height=\"1024\" class=\"wp-block-cover__image-background wp-image-62\" alt=\"\" src=\"http:\/\/wp.h-a-schilling.de\/wp-content\/uploads\/2025\/06\/IMG_8569-edited-1024x1024.jpg\" data-object-fit=\"cover\" srcset=\"http:\/\/wp.h-a-schilling.de\/wp-content\/uploads\/2025\/06\/IMG_8569-edited-1024x1024.jpg 1024w, http:\/\/wp.h-a-schilling.de\/wp-content\/uploads\/2025\/06\/IMG_8569-edited-300x300.jpg 300w, http:\/\/wp.h-a-schilling.de\/wp-content\/uploads\/2025\/06\/IMG_8569-edited-150x150.jpg 150w, http:\/\/wp.h-a-schilling.de\/wp-content\/uploads\/2025\/06\/IMG_8569-edited-768x768.jpg 768w, http:\/\/wp.h-a-schilling.de\/wp-content\/uploads\/2025\/06\/IMG_8569-edited-1536x1536.jpg 1536w, http:\/\/wp.h-a-schilling.de\/wp-content\/uploads\/2025\/06\/IMG_8569-edited-2048x2048.jpg 2048w\" sizes=\"auto, (max-width: 1024px) 100vw, 1024px\" \/><span aria-hidden=\"true\" class=\"wp-block-cover__background has-contrast-background-color has-background-dim-60 has-background-dim\"><\/span><div class=\"wp-block-cover__inner-container is-layout-flow wp-container-core-cover-is-layout-2914db2b wp-block-cover-is-layout-flow\">\n<div class=\"wp-block-group is-vertical is-layout-flex wp-container-core-group-is-layout-2d729e81 wp-block-group-is-layout-flex\">\n<h3 class=\"wp-block-heading\">Werkstoff<\/h3>\n\n\n\n<p>Verarbeitet werden vorwiegend einheimische H\u00f6lzer, meist aus lokalen Pflegef\u00e4llungen. Durch sinnvolle Sortiment-Gestaltung wird eine optimale Ausnutzung des wertvollen Rohstoffs erreicht. Die Oberfl\u00e4chen der Produkte werden durch \u00d6le gesch\u00fctzt.<\/p>\n<\/div>\n<\/div><\/div>\n<\/div>\n\n\n\n<div class=\"wp-block-column is-layout-flow wp-block-column-is-layout-flow\" style=\"flex-basis:50%\">\n<div class=\"wp-block-cover has-custom-content-position is-position-center-left has-aspect-ratio\" style=\"margin-top:0;margin-bottom:0;padding-top:var(--wp--preset--spacing--40);padding-right:var(--wp--preset--spacing--40);padding-bottom:var(--wp--preset--spacing--40);padding-left:var(--wp--preset--spacing--40);aspect-ratio:1;min-height:unset;\"><img loading=\"lazy\" decoding=\"async\" width=\"1024\" height=\"683\" class=\"wp-block-cover__image-background wp-image-203 size-large\" alt=\"\" src=\"http:\/\/wp.h-a-schilling.de\/wp-content\/uploads\/2025\/06\/IMG_8630-1024x683.jpg\" data-object-fit=\"cover\" srcset=\"http:\/\/wp.h-a-schilling.de\/wp-content\/uploads\/2025\/06\/IMG_8630-1024x683.jpg 1024w, http:\/\/wp.h-a-schilling.de\/wp-content\/uploads\/2025\/06\/IMG_8630-300x200.jpg 300w, http:\/\/wp.h-a-schilling.de\/wp-content\/uploads\/2025\/06\/IMG_8630-768x512.jpg 768w, http:\/\/wp.h-a-schilling.de\/wp-content\/uploads\/2025\/06\/IMG_8630-1536x1024.jpg 1536w, http:\/\/wp.h-a-schilling.de\/wp-content\/uploads\/2025\/06\/IMG_8630-2048x1365.jpg 2048w\" sizes=\"auto, (max-width: 1024px) 100vw, 1024px\" \/><span aria-hidden=\"true\" class=\"wp-block-cover__background has-contrast-background-color has-background-dim-60 has-background-dim\"><\/span><div class=\"wp-block-cover__inner-container is-layout-flow wp-container-core-cover-is-layout-2b121d54 wp-block-cover-is-layout-flow\">\n<div class=\"wp-block-group is-vertical is-layout-flex wp-container-core-group-is-layout-2d729e81 wp-block-group-is-layout-flex\">\n<h3 class=\"wp-block-heading\">Vita<\/h3>\n\n\n\n<p>1952 in Worms geboren<br>1970 Gesellenpr\u00fcfung als Drechsler<br>1976 Abschluss als Dipl.-Designer (Produktdesign)<br>1977 Meisterpr\u00fcfung als Drechslermeister<br>seit 1977 selbst\u00e4ndig<br>Mitglied im Bundesverband Kunsthandwerk<br>Staatspreis f\u00fcr das Kunsthandwerk Rheinland Pfalz<br>Pfalzpreis f\u00fcr das Kunsthandwerk<br>Bayrischer Staatspreis<br>Preis des Handwerks Rheinland Pfalz<br>Pfalzpreis f\u00fcr das Lebenswerk<\/p>\n<\/div>\n<\/div><\/div>\n<\/div>\n<\/div>\n","protected":false},"excerpt":{"rendered":"<p>HEINRICH A. SCHILLING Drechslermeister und Diplomdesigner<\/p>\n","protected":false},"author":1,"featured_media":0,"parent":0,"menu_order":0,"comment_status":"closed","ping_status":"closed","template":"startseite","meta":{"footnotes":""},"class_list":["post-40","page","type-page","status-publish","hentry"],"_links":{"self":[{"href":"http:\/\/wp.h-a-schilling.de\/index.php?rest_route=\/wp\/v2\/pages\/40","targetHints":{"allow":["GET"]}}],"collection":[{"href":"http:\/\/wp.h-a-schilling.de\/index.php?rest_route=\/wp\/v2\/pages"}],"about":[{"href":"http:\/\/wp.h-a-schilling.de\/index.php?rest_route=\/wp\/v2\/types\/page"}],"author":[{"embeddable":true,"href":"http:\/\/wp.h-a-schilling.de\/index.php?rest_route=\/wp\/v2\/users\/1"}],"replies":[{"embeddable":true,"href":"http:\/\/wp.h-a-schilling.de\/index.php?rest_route=%2Fwp%2Fv2%2Fcomments&post=40"}],"version-history":[{"count":59,"href":"http:\/\/wp.h-a-schilling.de\/index.php?rest_route=\/wp\/v2\/pages\/40\/revisions"}],"predecessor-version":[{"id":580,"href":"http:\/\/wp.h-a-schilling.de\/index.php?rest_route=\/wp\/v2\/pages\/40\/revisions\/580"}],"wp:attachment":[{"href":"http:\/\/wp.h-a-schilling.de\/index.php?rest_route=%2Fwp%2Fv2%2Fmedia&parent=40"}],"curies":[{"name":"wp","href":"https:\/\/api.w.org\/{rel}","templated":true}]}}