{"id":276,"date":"2025-06-27T19:08:14","date_gmt":"2025-06-27T17:08:14","guid":{"rendered":"http:\/\/wp.h-a-schilling.de\/?page_id=276"},"modified":"2026-01-29T19:10:24","modified_gmt":"2026-01-29T18:10:24","slug":"design","status":"publish","type":"page","link":"http:\/\/wp.h-a-schilling.de\/?page_id=276","title":{"rendered":"Unikate"},"content":{"rendered":"\n<h2 class=\"wp-block-heading\">Material + Form<\/h2>\n\n\n\n<div class=\"wp-block-columns is-layout-flex wp-container-core-columns-is-layout-0806ab5c wp-block-columns-is-layout-flex\" style=\"margin-top:var(--wp--preset--spacing--30);margin-bottom:var(--wp--preset--spacing--30)\">\n<div class=\"wp-block-column is-vertically-aligned-bottom has-global-padding is-layout-constrained wp-block-column-is-layout-constrained\" style=\"flex-basis:66.66%\">\n<figure class=\"wp-block-image size-large\"><img loading=\"lazy\" decoding=\"async\" width=\"1024\" height=\"768\" src=\"http:\/\/wp.h-a-schilling.de\/wp-content\/uploads\/2025\/06\/Schale-Mammutbaum-1024x768.jpg\" alt=\"\" class=\"wp-image-295\" style=\"aspect-ratio:1;object-fit:cover\" srcset=\"http:\/\/wp.h-a-schilling.de\/wp-content\/uploads\/2025\/06\/Schale-Mammutbaum-1024x768.jpg 1024w, http:\/\/wp.h-a-schilling.de\/wp-content\/uploads\/2025\/06\/Schale-Mammutbaum-300x225.jpg 300w, http:\/\/wp.h-a-schilling.de\/wp-content\/uploads\/2025\/06\/Schale-Mammutbaum-768x576.jpg 768w, http:\/\/wp.h-a-schilling.de\/wp-content\/uploads\/2025\/06\/Schale-Mammutbaum-1536x1152.jpg 1536w, http:\/\/wp.h-a-schilling.de\/wp-content\/uploads\/2025\/06\/Schale-Mammutbaum-2048x1536.jpg 2048w\" sizes=\"auto, (max-width: 1024px) 100vw, 1024px\" \/><\/figure>\n<\/div>\n\n\n\n<div class=\"wp-block-column is-vertically-aligned-stretch has-global-padding is-layout-constrained wp-block-column-is-layout-constrained\" style=\"flex-basis:33.33%\">\n<figure class=\"wp-block-image size-large\"><img loading=\"lazy\" decoding=\"async\" width=\"1024\" height=\"768\" src=\"http:\/\/wp.h-a-schilling.de\/wp-content\/uploads\/2025\/06\/Schale-Mammutbaum.detail-1024x768.jpg\" alt=\"\" class=\"wp-image-296\" style=\"aspect-ratio:1;object-fit:cover\" srcset=\"http:\/\/wp.h-a-schilling.de\/wp-content\/uploads\/2025\/06\/Schale-Mammutbaum.detail-1024x768.jpg 1024w, http:\/\/wp.h-a-schilling.de\/wp-content\/uploads\/2025\/06\/Schale-Mammutbaum.detail-300x225.jpg 300w, http:\/\/wp.h-a-schilling.de\/wp-content\/uploads\/2025\/06\/Schale-Mammutbaum.detail-768x576.jpg 768w, http:\/\/wp.h-a-schilling.de\/wp-content\/uploads\/2025\/06\/Schale-Mammutbaum.detail-1536x1152.jpg 1536w, http:\/\/wp.h-a-schilling.de\/wp-content\/uploads\/2025\/06\/Schale-Mammutbaum.detail-2048x1536.jpg 2048w\" sizes=\"auto, (max-width: 1024px) 100vw, 1024px\" \/><\/figure>\n\n\n\n<p>Schale <br>Mammutbaum<br>teilweise geb\u00fcrstet<br>\u00d8 ca. 42 cm, H ca. 12 cm<\/p>\n<\/div>\n<\/div>\n\n\n\n<div class=\"wp-block-columns is-layout-flex wp-container-core-columns-is-layout-b0bab6eb wp-block-columns-is-layout-flex\" style=\"margin-top:var(--wp--preset--spacing--40);margin-bottom:var(--wp--preset--spacing--40)\">\n<div class=\"wp-block-column is-vertically-aligned-bottom has-global-padding is-layout-constrained wp-block-column-is-layout-constrained\" style=\"flex-basis:66.66%\">\n<figure class=\"wp-block-image size-full\"><img loading=\"lazy\" decoding=\"async\" width=\"1772\" height=\"1772\" src=\"http:\/\/wp.h-a-schilling.de\/wp-content\/uploads\/2025\/09\/Schale-gross-gebrannt-genaeht-1.jpg\" alt=\"\" class=\"wp-image-554\" style=\"aspect-ratio:1;object-fit:cover\" srcset=\"http:\/\/wp.h-a-schilling.de\/wp-content\/uploads\/2025\/09\/Schale-gross-gebrannt-genaeht-1.jpg 1772w, http:\/\/wp.h-a-schilling.de\/wp-content\/uploads\/2025\/09\/Schale-gross-gebrannt-genaeht-1-300x300.jpg 300w, http:\/\/wp.h-a-schilling.de\/wp-content\/uploads\/2025\/09\/Schale-gross-gebrannt-genaeht-1-1024x1024.jpg 1024w, http:\/\/wp.h-a-schilling.de\/wp-content\/uploads\/2025\/09\/Schale-gross-gebrannt-genaeht-1-150x150.jpg 150w, http:\/\/wp.h-a-schilling.de\/wp-content\/uploads\/2025\/09\/Schale-gross-gebrannt-genaeht-1-768x768.jpg 768w, http:\/\/wp.h-a-schilling.de\/wp-content\/uploads\/2025\/09\/Schale-gross-gebrannt-genaeht-1-1536x1536.jpg 1536w\" sizes=\"auto, (max-width: 1772px) 100vw, 1772px\" \/><\/figure>\n<\/div>\n\n\n\n<div class=\"wp-block-column is-vertically-aligned-stretch has-global-padding is-layout-constrained wp-block-column-is-layout-constrained\" style=\"flex-basis:33.33%\">\n<figure class=\"wp-block-image size-full\"><img loading=\"lazy\" decoding=\"async\" width=\"1701\" height=\"1701\" src=\"http:\/\/wp.h-a-schilling.de\/wp-content\/uploads\/2025\/09\/Schale-gross-gebrannt-genaeht-Detail2.jpg\" alt=\"\" class=\"wp-image-556\" style=\"aspect-ratio:1;object-fit:cover\" srcset=\"http:\/\/wp.h-a-schilling.de\/wp-content\/uploads\/2025\/09\/Schale-gross-gebrannt-genaeht-Detail2.jpg 1701w, http:\/\/wp.h-a-schilling.de\/wp-content\/uploads\/2025\/09\/Schale-gross-gebrannt-genaeht-Detail2-300x300.jpg 300w, http:\/\/wp.h-a-schilling.de\/wp-content\/uploads\/2025\/09\/Schale-gross-gebrannt-genaeht-Detail2-1024x1024.jpg 1024w, http:\/\/wp.h-a-schilling.de\/wp-content\/uploads\/2025\/09\/Schale-gross-gebrannt-genaeht-Detail2-150x150.jpg 150w, http:\/\/wp.h-a-schilling.de\/wp-content\/uploads\/2025\/09\/Schale-gross-gebrannt-genaeht-Detail2-768x768.jpg 768w, http:\/\/wp.h-a-schilling.de\/wp-content\/uploads\/2025\/09\/Schale-gross-gebrannt-genaeht-Detail2-1536x1536.jpg 1536w\" sizes=\"auto, (max-width: 1701px) 100vw, 1701px\" \/><\/figure>\n\n\n\n<p>Schale <br>Fichte<br>teilweise gebrannt geb\u00fcrstet<br>\u00d8 ca. 40 cm, H ca. 13 cm<\/p>\n<\/div>\n<\/div>\n\n\n\n<div class=\"wp-block-columns is-layout-flex wp-container-core-columns-is-layout-28f84493 wp-block-columns-is-layout-flex\">\n<div class=\"wp-block-column is-vertically-aligned-bottom has-global-padding is-layout-constrained wp-block-column-is-layout-constrained\" style=\"flex-basis:66.66%\">\n<figure class=\"wp-block-image size-full wp-container-content-9cfa9a5a\"><img loading=\"lazy\" decoding=\"async\" width=\"591\" height=\"591\" src=\"http:\/\/wp.h-a-schilling.de\/wp-content\/uploads\/2025\/08\/Mammutbaum-Kumme-genaeht-2.jpg\" alt=\"\" class=\"wp-image-461\" style=\"aspect-ratio:1;object-fit:cover\" srcset=\"http:\/\/wp.h-a-schilling.de\/wp-content\/uploads\/2025\/08\/Mammutbaum-Kumme-genaeht-2.jpg 591w, http:\/\/wp.h-a-schilling.de\/wp-content\/uploads\/2025\/08\/Mammutbaum-Kumme-genaeht-2-300x300.jpg 300w, http:\/\/wp.h-a-schilling.de\/wp-content\/uploads\/2025\/08\/Mammutbaum-Kumme-genaeht-2-150x150.jpg 150w\" sizes=\"auto, (max-width: 591px) 100vw, 591px\" \/><\/figure>\n<\/div>\n\n\n\n<div class=\"wp-block-column is-vertically-aligned-stretch has-global-padding is-layout-constrained wp-block-column-is-layout-constrained\" style=\"flex-basis:33.33%\">\n<figure class=\"wp-block-image size-full wp-container-content-9cfa9a5a\"><img loading=\"lazy\" decoding=\"async\" width=\"1701\" height=\"1701\" src=\"http:\/\/wp.h-a-schilling.de\/wp-content\/uploads\/2025\/09\/Mammutbaum-Kumme-1.jpg\" alt=\"\" class=\"wp-image-558\" style=\"aspect-ratio:1;object-fit:cover\" srcset=\"http:\/\/wp.h-a-schilling.de\/wp-content\/uploads\/2025\/09\/Mammutbaum-Kumme-1.jpg 1701w, http:\/\/wp.h-a-schilling.de\/wp-content\/uploads\/2025\/09\/Mammutbaum-Kumme-1-300x300.jpg 300w, http:\/\/wp.h-a-schilling.de\/wp-content\/uploads\/2025\/09\/Mammutbaum-Kumme-1-1024x1024.jpg 1024w, http:\/\/wp.h-a-schilling.de\/wp-content\/uploads\/2025\/09\/Mammutbaum-Kumme-1-150x150.jpg 150w, http:\/\/wp.h-a-schilling.de\/wp-content\/uploads\/2025\/09\/Mammutbaum-Kumme-1-768x768.jpg 768w, http:\/\/wp.h-a-schilling.de\/wp-content\/uploads\/2025\/09\/Mammutbaum-Kumme-1-1536x1536.jpg 1536w\" sizes=\"auto, (max-width: 1701px) 100vw, 1701px\" \/><\/figure>\n\n\n\n<p>Schale <br>Mammutbaum<br>teilweise geb\u00fcrstet<br>\u00d8 ca. 22 cm, H ca. 17 cm<\/p>\n<\/div>\n<\/div>\n\n\n\n<div class=\"wp-block-columns is-layout-flex wp-container-core-columns-is-layout-28f84493 wp-block-columns-is-layout-flex\">\n<div class=\"wp-block-column is-vertically-aligned-bottom has-global-padding is-layout-constrained wp-block-column-is-layout-constrained\" style=\"flex-basis:66.66%\">\n<figure class=\"wp-block-image size-full\"><img loading=\"lazy\" decoding=\"async\" width=\"591\" height=\"591\" src=\"http:\/\/wp.h-a-schilling.de\/wp-content\/uploads\/2025\/08\/Esche-2-A-1.jpg\" alt=\"\" class=\"wp-image-453\" style=\"aspect-ratio:1;object-fit:cover\" srcset=\"http:\/\/wp.h-a-schilling.de\/wp-content\/uploads\/2025\/08\/Esche-2-A-1.jpg 591w, http:\/\/wp.h-a-schilling.de\/wp-content\/uploads\/2025\/08\/Esche-2-A-1-300x300.jpg 300w, http:\/\/wp.h-a-schilling.de\/wp-content\/uploads\/2025\/08\/Esche-2-A-1-150x150.jpg 150w\" sizes=\"auto, (max-width: 591px) 100vw, 591px\" \/><\/figure>\n<\/div>\n\n\n\n<div class=\"wp-block-column is-vertically-aligned-stretch has-global-padding is-layout-constrained wp-block-column-is-layout-constrained\" style=\"flex-basis:33.33%\">\n<figure class=\"wp-block-image size-full\"><img loading=\"lazy\" decoding=\"async\" width=\"591\" height=\"591\" src=\"http:\/\/wp.h-a-schilling.de\/wp-content\/uploads\/2025\/08\/Esche-2-Detail-1.jpg\" alt=\"\" class=\"wp-image-463\" style=\"aspect-ratio:1;object-fit:cover\" srcset=\"http:\/\/wp.h-a-schilling.de\/wp-content\/uploads\/2025\/08\/Esche-2-Detail-1.jpg 591w, http:\/\/wp.h-a-schilling.de\/wp-content\/uploads\/2025\/08\/Esche-2-Detail-1-300x300.jpg 300w, http:\/\/wp.h-a-schilling.de\/wp-content\/uploads\/2025\/08\/Esche-2-Detail-1-150x150.jpg 150w\" sizes=\"auto, (max-width: 591px) 100vw, 591px\" \/><\/figure>\n\n\n\n<p>Schrt\u00e4gbodenschale<br>Esche<br>teilweise geb\u00fcrstet gen\u00e4ht<br>\u00d8 ca. 32 cm, H ca. 9 cm<\/p>\n\n\n\n<p><\/p>\n<\/div>\n<\/div>\n\n\n\n<div class=\"wp-block-columns is-layout-flex wp-container-core-columns-is-layout-28f84493 wp-block-columns-is-layout-flex\">\n<div class=\"wp-block-column is-vertically-aligned-bottom has-global-padding is-layout-constrained wp-block-column-is-layout-constrained\" style=\"flex-basis:66.66%\">\n<figure class=\"wp-block-image size-full\"><img loading=\"lazy\" decoding=\"async\" width=\"591\" height=\"591\" src=\"http:\/\/wp.h-a-schilling.de\/wp-content\/uploads\/2025\/08\/Buche-Detail-B-1.jpg\" alt=\"\" class=\"wp-image-455\" style=\"aspect-ratio:1;object-fit:cover\" srcset=\"http:\/\/wp.h-a-schilling.de\/wp-content\/uploads\/2025\/08\/Buche-Detail-B-1.jpg 591w, http:\/\/wp.h-a-schilling.de\/wp-content\/uploads\/2025\/08\/Buche-Detail-B-1-300x300.jpg 300w, http:\/\/wp.h-a-schilling.de\/wp-content\/uploads\/2025\/08\/Buche-Detail-B-1-150x150.jpg 150w\" sizes=\"auto, (max-width: 591px) 100vw, 591px\" \/><\/figure>\n<\/div>\n\n\n\n<div class=\"wp-block-column is-vertically-aligned-stretch has-global-padding is-layout-constrained wp-block-column-is-layout-constrained\" style=\"flex-basis:33.33%\">\n<figure class=\"wp-block-image size-full\"><img loading=\"lazy\" decoding=\"async\" width=\"591\" height=\"591\" src=\"http:\/\/wp.h-a-schilling.de\/wp-content\/uploads\/2025\/08\/Buche-Seite-A1.jpg\" alt=\"\" class=\"wp-image-465\" style=\"aspect-ratio:1;object-fit:cover\" srcset=\"http:\/\/wp.h-a-schilling.de\/wp-content\/uploads\/2025\/08\/Buche-Seite-A1.jpg 591w, http:\/\/wp.h-a-schilling.de\/wp-content\/uploads\/2025\/08\/Buche-Seite-A1-300x300.jpg 300w, http:\/\/wp.h-a-schilling.de\/wp-content\/uploads\/2025\/08\/Buche-Seite-A1-150x150.jpg 150w\" sizes=\"auto, (max-width: 591px) 100vw, 591px\" \/><\/figure>\n\n\n\n<p>Wendeschale<br>Rotbuche<br>teilweise gebrannt geb\u00fcrstet<br>\u00d8 ca. 44 cm, H ca. 8 cm<\/p>\n<\/div>\n<\/div>\n\n\n\n<div class=\"wp-block-columns is-layout-flex wp-container-core-columns-is-layout-b0bab6eb wp-block-columns-is-layout-flex\" style=\"margin-top:var(--wp--preset--spacing--40);margin-bottom:var(--wp--preset--spacing--40)\">\n<div class=\"wp-block-column is-vertically-aligned-bottom has-global-padding is-layout-constrained wp-block-column-is-layout-constrained\" style=\"flex-basis:66.66%\">\n<figure class=\"wp-block-image size-full\"><img loading=\"lazy\" decoding=\"async\" width=\"709\" height=\"709\" src=\"http:\/\/wp.h-a-schilling.de\/wp-content\/uploads\/2025\/09\/Buche-gebrannt-genaeht-hoch-2-2.jpg\" alt=\"\" class=\"wp-image-561\" style=\"aspect-ratio:1;object-fit:cover\" srcset=\"http:\/\/wp.h-a-schilling.de\/wp-content\/uploads\/2025\/09\/Buche-gebrannt-genaeht-hoch-2-2.jpg 709w, http:\/\/wp.h-a-schilling.de\/wp-content\/uploads\/2025\/09\/Buche-gebrannt-genaeht-hoch-2-2-300x300.jpg 300w, http:\/\/wp.h-a-schilling.de\/wp-content\/uploads\/2025\/09\/Buche-gebrannt-genaeht-hoch-2-2-150x150.jpg 150w\" sizes=\"auto, (max-width: 709px) 100vw, 709px\" \/><\/figure>\n<\/div>\n\n\n\n<div class=\"wp-block-column is-vertically-aligned-stretch has-global-padding is-layout-constrained wp-block-column-is-layout-constrained\" style=\"flex-basis:33.33%\">\n<figure class=\"wp-block-image size-full\"><img loading=\"lazy\" decoding=\"async\" width=\"709\" height=\"709\" src=\"http:\/\/wp.h-a-schilling.de\/wp-content\/uploads\/2025\/09\/Buche-gebrannt-genaeht-hoch-Detail-2.jpg\" alt=\"\" class=\"wp-image-562\" style=\"aspect-ratio:1;object-fit:cover\" srcset=\"http:\/\/wp.h-a-schilling.de\/wp-content\/uploads\/2025\/09\/Buche-gebrannt-genaeht-hoch-Detail-2.jpg 709w, http:\/\/wp.h-a-schilling.de\/wp-content\/uploads\/2025\/09\/Buche-gebrannt-genaeht-hoch-Detail-2-300x300.jpg 300w, http:\/\/wp.h-a-schilling.de\/wp-content\/uploads\/2025\/09\/Buche-gebrannt-genaeht-hoch-Detail-2-150x150.jpg 150w\" sizes=\"auto, (max-width: 709px) 100vw, 709px\" \/><\/figure>\n\n\n\n<p>Gef\u00e4ss<br>Rotbuche<br>teilweise  gebrannt geb\u00fcrstet<br>\u00d8 ca. 17 cm, H ca. 32 cm<\/p>\n<\/div>\n<\/div>\n\n\n\n<div class=\"wp-block-columns is-layout-flex wp-container-core-columns-is-layout-b0bab6eb wp-block-columns-is-layout-flex\" style=\"margin-top:var(--wp--preset--spacing--40);margin-bottom:var(--wp--preset--spacing--40)\">\n<div class=\"wp-block-column is-vertically-aligned-bottom has-global-padding is-layout-constrained wp-block-column-is-layout-constrained\" style=\"flex-basis:66.66%\">\n<figure class=\"wp-block-image size-full\"><img loading=\"lazy\" decoding=\"async\" width=\"709\" height=\"709\" src=\"http:\/\/wp.h-a-schilling.de\/wp-content\/uploads\/2025\/09\/Eiche-Linse-Seite-A.jpg\" alt=\"\" class=\"wp-image-565\" style=\"aspect-ratio:1;object-fit:cover\" srcset=\"http:\/\/wp.h-a-schilling.de\/wp-content\/uploads\/2025\/09\/Eiche-Linse-Seite-A.jpg 709w, http:\/\/wp.h-a-schilling.de\/wp-content\/uploads\/2025\/09\/Eiche-Linse-Seite-A-300x300.jpg 300w, http:\/\/wp.h-a-schilling.de\/wp-content\/uploads\/2025\/09\/Eiche-Linse-Seite-A-150x150.jpg 150w\" sizes=\"auto, (max-width: 709px) 100vw, 709px\" \/><\/figure>\n<\/div>\n\n\n\n<div class=\"wp-block-column is-vertically-aligned-stretch has-global-padding is-layout-constrained wp-block-column-is-layout-constrained\" style=\"flex-basis:33.33%\">\n<figure class=\"wp-block-image size-full\"><img loading=\"lazy\" decoding=\"async\" width=\"709\" height=\"709\" src=\"http:\/\/wp.h-a-schilling.de\/wp-content\/uploads\/2025\/09\/Eiche-Linse-Detail.jpg\" alt=\"\" class=\"wp-image-566\" style=\"aspect-ratio:1;object-fit:cover\" srcset=\"http:\/\/wp.h-a-schilling.de\/wp-content\/uploads\/2025\/09\/Eiche-Linse-Detail.jpg 709w, http:\/\/wp.h-a-schilling.de\/wp-content\/uploads\/2025\/09\/Eiche-Linse-Detail-300x300.jpg 300w, http:\/\/wp.h-a-schilling.de\/wp-content\/uploads\/2025\/09\/Eiche-Linse-Detail-150x150.jpg 150w\" sizes=\"auto, (max-width: 709px) 100vw, 709px\" \/><\/figure>\n\n\n\n<p>Schale <br>Esche<br>teilweise gebrannt geb\u00fcrstet gen\u00e4ht<br>\u00d8 ca. 38 cm, H ca. 8 cm<\/p>\n<\/div>\n<\/div>\n\n\n\n<div class=\"wp-block-columns is-layout-flex wp-container-core-columns-is-layout-b0bab6eb wp-block-columns-is-layout-flex\" style=\"margin-top:var(--wp--preset--spacing--40);margin-bottom:var(--wp--preset--spacing--40)\">\n<div class=\"wp-block-column is-vertically-aligned-bottom has-global-padding is-layout-constrained wp-block-column-is-layout-constrained\" style=\"flex-basis:66.66%\">\n<figure class=\"wp-block-image size-full\"><img loading=\"lazy\" decoding=\"async\" width=\"709\" height=\"709\" src=\"http:\/\/wp.h-a-schilling.de\/wp-content\/uploads\/2025\/09\/Esche-Saegerand-3.jpg\" alt=\"\" class=\"wp-image-567\" style=\"aspect-ratio:1;object-fit:cover\" srcset=\"http:\/\/wp.h-a-schilling.de\/wp-content\/uploads\/2025\/09\/Esche-Saegerand-3.jpg 709w, http:\/\/wp.h-a-schilling.de\/wp-content\/uploads\/2025\/09\/Esche-Saegerand-3-300x300.jpg 300w, http:\/\/wp.h-a-schilling.de\/wp-content\/uploads\/2025\/09\/Esche-Saegerand-3-150x150.jpg 150w\" sizes=\"auto, (max-width: 709px) 100vw, 709px\" \/><\/figure>\n<\/div>\n\n\n\n<div class=\"wp-block-column is-vertically-aligned-stretch has-global-padding is-layout-constrained wp-block-column-is-layout-constrained\" style=\"flex-basis:33.33%\">\n<figure class=\"wp-block-image size-full\"><img loading=\"lazy\" decoding=\"async\" width=\"709\" height=\"709\" src=\"http:\/\/wp.h-a-schilling.de\/wp-content\/uploads\/2025\/09\/Esche-saegerand-Detail.jpg\" alt=\"\" class=\"wp-image-568\" style=\"aspect-ratio:1;object-fit:cover\" srcset=\"http:\/\/wp.h-a-schilling.de\/wp-content\/uploads\/2025\/09\/Esche-saegerand-Detail.jpg 709w, http:\/\/wp.h-a-schilling.de\/wp-content\/uploads\/2025\/09\/Esche-saegerand-Detail-300x300.jpg 300w, http:\/\/wp.h-a-schilling.de\/wp-content\/uploads\/2025\/09\/Esche-saegerand-Detail-150x150.jpg 150w\" sizes=\"auto, (max-width: 709px) 100vw, 709px\" \/><\/figure>\n\n\n\n<p>Schale <br>Esche mit S\u00e4gerand<br>teilweise geb\u00fcrstet<br>\u00d8 ca. 42 cm, H ca. 8 cm<\/p>\n<\/div>\n<\/div>\n\n\n\n<div class=\"wp-block-columns is-layout-flex wp-container-core-columns-is-layout-b0bab6eb wp-block-columns-is-layout-flex\" style=\"margin-top:var(--wp--preset--spacing--40);margin-bottom:var(--wp--preset--spacing--40)\">\n<div class=\"wp-block-column is-vertically-aligned-bottom has-global-padding is-layout-constrained wp-block-column-is-layout-constrained\" style=\"flex-basis:66.66%\">\n<figure class=\"wp-block-image size-full\"><img loading=\"lazy\" decoding=\"async\" width=\"2445\" height=\"2445\" src=\"http:\/\/wp.h-a-schilling.de\/wp-content\/uploads\/2025\/09\/dose-Beton-2.jpg\" alt=\"\" class=\"wp-image-570\" style=\"aspect-ratio:1;object-fit:cover\" srcset=\"http:\/\/wp.h-a-schilling.de\/wp-content\/uploads\/2025\/09\/dose-Beton-2.jpg 2445w, http:\/\/wp.h-a-schilling.de\/wp-content\/uploads\/2025\/09\/dose-Beton-2-300x300.jpg 300w, http:\/\/wp.h-a-schilling.de\/wp-content\/uploads\/2025\/09\/dose-Beton-2-1024x1024.jpg 1024w, http:\/\/wp.h-a-schilling.de\/wp-content\/uploads\/2025\/09\/dose-Beton-2-150x150.jpg 150w, http:\/\/wp.h-a-schilling.de\/wp-content\/uploads\/2025\/09\/dose-Beton-2-768x768.jpg 768w, http:\/\/wp.h-a-schilling.de\/wp-content\/uploads\/2025\/09\/dose-Beton-2-1536x1536.jpg 1536w, http:\/\/wp.h-a-schilling.de\/wp-content\/uploads\/2025\/09\/dose-Beton-2-2048x2048.jpg 2048w\" sizes=\"auto, (max-width: 2445px) 100vw, 2445px\" \/><\/figure>\n<\/div>\n\n\n\n<div class=\"wp-block-column is-vertically-aligned-stretch has-global-padding is-layout-constrained wp-block-column-is-layout-constrained\" style=\"flex-basis:33.33%\">\n<figure class=\"wp-block-image size-full\"><img loading=\"lazy\" decoding=\"async\" width=\"2551\" height=\"2551\" src=\"http:\/\/wp.h-a-schilling.de\/wp-content\/uploads\/2025\/09\/6-offen.jpg\" alt=\"\" class=\"wp-image-571\" style=\"aspect-ratio:1;object-fit:cover\" srcset=\"http:\/\/wp.h-a-schilling.de\/wp-content\/uploads\/2025\/09\/6-offen.jpg 2551w, http:\/\/wp.h-a-schilling.de\/wp-content\/uploads\/2025\/09\/6-offen-300x300.jpg 300w, http:\/\/wp.h-a-schilling.de\/wp-content\/uploads\/2025\/09\/6-offen-1024x1024.jpg 1024w, http:\/\/wp.h-a-schilling.de\/wp-content\/uploads\/2025\/09\/6-offen-150x150.jpg 150w, http:\/\/wp.h-a-schilling.de\/wp-content\/uploads\/2025\/09\/6-offen-768x768.jpg 768w, http:\/\/wp.h-a-schilling.de\/wp-content\/uploads\/2025\/09\/6-offen-1536x1536.jpg 1536w, http:\/\/wp.h-a-schilling.de\/wp-content\/uploads\/2025\/09\/6-offen-2048x2048.jpg 2048w\" sizes=\"auto, (max-width: 2551px) 100vw, 2551px\" \/><\/figure>\n\n\n\n<p>Gef\u00e4ss <br>Beton + Mooreiche<br><br>\u00d8 ca. 18 cm, H ca. 12 cm<\/p>\n<\/div>\n<\/div>\n\n\n\n<div class=\"wp-block-columns is-layout-flex wp-container-core-columns-is-layout-b0bab6eb wp-block-columns-is-layout-flex\" style=\"margin-top:var(--wp--preset--spacing--40);margin-bottom:var(--wp--preset--spacing--40)\">\n<div class=\"wp-block-column is-vertically-aligned-bottom has-global-padding is-layout-constrained wp-block-column-is-layout-constrained\" style=\"flex-basis:66.66%\">\n<figure class=\"wp-block-image size-full\"><img loading=\"lazy\" decoding=\"async\" width=\"1276\" height=\"1276\" src=\"http:\/\/wp.h-a-schilling.de\/wp-content\/uploads\/2025\/09\/21-1-2-B.jpg\" alt=\"\" class=\"wp-image-573\" style=\"aspect-ratio:1;object-fit:cover\" srcset=\"http:\/\/wp.h-a-schilling.de\/wp-content\/uploads\/2025\/09\/21-1-2-B.jpg 1276w, http:\/\/wp.h-a-schilling.de\/wp-content\/uploads\/2025\/09\/21-1-2-B-300x300.jpg 300w, http:\/\/wp.h-a-schilling.de\/wp-content\/uploads\/2025\/09\/21-1-2-B-1024x1024.jpg 1024w, http:\/\/wp.h-a-schilling.de\/wp-content\/uploads\/2025\/09\/21-1-2-B-150x150.jpg 150w, http:\/\/wp.h-a-schilling.de\/wp-content\/uploads\/2025\/09\/21-1-2-B-768x768.jpg 768w\" sizes=\"auto, (max-width: 1276px) 100vw, 1276px\" \/><\/figure>\n<\/div>\n\n\n\n<div class=\"wp-block-column is-vertically-aligned-stretch has-global-padding is-layout-constrained wp-block-column-is-layout-constrained\" style=\"flex-basis:33.33%\">\n<figure class=\"wp-block-image size-full\"><img loading=\"lazy\" decoding=\"async\" width=\"1276\" height=\"1276\" src=\"http:\/\/wp.h-a-schilling.de\/wp-content\/uploads\/2025\/09\/21-1-offen-2.jpg\" alt=\"\" class=\"wp-image-574\" style=\"aspect-ratio:1;object-fit:cover\" srcset=\"http:\/\/wp.h-a-schilling.de\/wp-content\/uploads\/2025\/09\/21-1-offen-2.jpg 1276w, http:\/\/wp.h-a-schilling.de\/wp-content\/uploads\/2025\/09\/21-1-offen-2-300x300.jpg 300w, http:\/\/wp.h-a-schilling.de\/wp-content\/uploads\/2025\/09\/21-1-offen-2-1024x1024.jpg 1024w, http:\/\/wp.h-a-schilling.de\/wp-content\/uploads\/2025\/09\/21-1-offen-2-150x150.jpg 150w, http:\/\/wp.h-a-schilling.de\/wp-content\/uploads\/2025\/09\/21-1-offen-2-768x768.jpg 768w\" sizes=\"auto, (max-width: 1276px) 100vw, 1276px\" \/><\/figure>\n\n\n\n<p>2 Gef\u00e4sse<br>Beton + Mooreiche<br><br>ca 12 x 8 cm H ca <\/p>\n<\/div>\n<\/div>\n\n\n\n<p><\/p>\n","protected":false},"excerpt":{"rendered":"<p>Material + Form Schale Mammutbaumteilweise geb\u00fcrstet\u00d8 ca. 42 cm, H ca. 12 cm Schale Fichteteilweise gebrannt geb\u00fcrstet\u00d8 ca. 40 cm, H ca. 13 cm Schale Mammutbaumteilweise geb\u00fcrstet\u00d8 ca. 22 cm, H ca. 17 cm Schrt\u00e4gbodenschaleEscheteilweise geb\u00fcrstet gen\u00e4ht\u00d8 ca. 32 cm, H ca. 9 cm WendeschaleRotbucheteilweise gebrannt geb\u00fcrstet\u00d8 ca. 44 cm, H ca. 8 cm Gef\u00e4ssRotbucheteilweise [&hellip;]<\/p>\n","protected":false},"author":1,"featured_media":0,"parent":0,"menu_order":0,"comment_status":"closed","ping_status":"closed","template":"","meta":{"footnotes":""},"class_list":["post-276","page","type-page","status-publish","hentry"],"_links":{"self":[{"href":"http:\/\/wp.h-a-schilling.de\/index.php?rest_route=\/wp\/v2\/pages\/276","targetHints":{"allow":["GET"]}}],"collection":[{"href":"http:\/\/wp.h-a-schilling.de\/index.php?rest_route=\/wp\/v2\/pages"}],"about":[{"href":"http:\/\/wp.h-a-schilling.de\/index.php?rest_route=\/wp\/v2\/types\/page"}],"author":[{"embeddable":true,"href":"http:\/\/wp.h-a-schilling.de\/index.php?rest_route=\/wp\/v2\/users\/1"}],"replies":[{"embeddable":true,"href":"http:\/\/wp.h-a-schilling.de\/index.php?rest_route=%2Fwp%2Fv2%2Fcomments&post=276"}],"version-history":[{"count":35,"href":"http:\/\/wp.h-a-schilling.de\/index.php?rest_route=\/wp\/v2\/pages\/276\/revisions"}],"predecessor-version":[{"id":577,"href":"http:\/\/wp.h-a-schilling.de\/index.php?rest_route=\/wp\/v2\/pages\/276\/revisions\/577"}],"wp:attachment":[{"href":"http:\/\/wp.h-a-schilling.de\/index.php?rest_route=%2Fwp%2Fv2%2Fmedia&parent=276"}],"curies":[{"name":"wp","href":"https:\/\/api.w.org\/{rel}","templated":true}]}}